{"id":1560,"date":"2025-06-20T17:22:09","date_gmt":"2025-06-20T17:22:09","guid":{"rendered":"https:\/\/rotomixarcos.com.br\/?page_id=1560"},"modified":"2025-07-08T19:13:23","modified_gmt":"2025-07-08T19:13:23","slug":"banheiros-quimicos","status":"publish","type":"page","link":"https:\/\/rotomixarcos.com.br\/index.php\/banheiros-quimicos\/","title":{"rendered":"Banheiros quimicos"},"content":{"rendered":"\t\t<div data-elementor-type=\"wp-page\" data-elementor-id=\"1560\" class=\"elementor elementor-1560\" data-elementor-post-type=\"page\">\n\t\t\t\t\t\t<section class=\"elementor-section elementor-top-section elementor-element elementor-element-6ecf12820 elementor-section-boxed elementor-section-height-default elementor-section-height-default wpr-particle-no wpr-jarallax-no wpr-parallax-no wpr-sticky-section-no\" data-id=\"6ecf12820\" data-element_type=\"section\" data-settings=\"{&quot;background_background&quot;:&quot;classic&quot;}\">\n\t\t\t\t\t\t\t<div class=\"elementor-background-overlay\"><\/div>\n\t\t\t\t\t\t\t<div class=\"elementor-container elementor-column-gap-default\">\n\t\t\t\t\t<div class=\"elementor-column elementor-col-100 elementor-top-column elementor-element elementor-element-1ac918cf\" data-id=\"1ac918cf\" data-element_type=\"column\">\n\t\t\t<div class=\"elementor-widget-wrap elementor-element-populated\">\n\t\t\t\t\t\t<div class=\"elementor-element elementor-element-14a5ce3c elementor-widget elementor-widget-heading\" data-id=\"14a5ce3c\" data-element_type=\"widget\" data-widget_type=\"heading.default\">\n\t\t\t\t<div class=\"elementor-widget-container\">\n\t\t\t\t\t<h2 class=\"elementor-heading-title elementor-size-default\">Loca\u00e7\u00f5es<\/h2>\t\t\t\t<\/div>\n\t\t\t\t<\/div>\n\t\t\t\t<div class=\"elementor-element elementor-element-e097111 elementor-widget elementor-widget-heading\" data-id=\"e097111\" data-element_type=\"widget\" data-widget_type=\"heading.default\">\n\t\t\t\t<div class=\"elementor-widget-container\">\n\t\t\t\t\t<h2 class=\"elementor-heading-title elementor-size-default\">Banheiros qu\u00edmicos e hidr\u00e1ulicos, cont\u00eainer para almoxarifados e escrit\u00f3rios<\/h2>\t\t\t\t<\/div>\n\t\t\t\t<\/div>\n\t\t\t\t\t<\/div>\n\t\t<\/div>\n\t\t\t\t\t<\/div>\n\t\t<\/section>\n\t\t\t\t<section class=\"elementor-section elementor-top-section elementor-element elementor-element-78d9eba5 elementor-section-boxed elementor-section-height-default elementor-section-height-default wpr-particle-no wpr-jarallax-no wpr-parallax-no wpr-sticky-section-no\" data-id=\"78d9eba5\" data-element_type=\"section\">\n\t\t\t\t\t\t<div class=\"elementor-container elementor-column-gap-wide\">\n\t\t\t\t\t<div class=\"elementor-column elementor-col-50 elementor-top-column elementor-element elementor-element-397c9cd4\" data-id=\"397c9cd4\" data-element_type=\"column\">\n\t\t\t<div class=\"elementor-widget-wrap elementor-element-populated\">\n\t\t\t\t\t\t<div class=\"elementor-element elementor-element-3ebc8dc6 elementor-widget elementor-widget-image\" data-id=\"3ebc8dc6\" data-element_type=\"widget\" data-widget_type=\"image.default\">\n\t\t\t\t<div class=\"elementor-widget-container\">\n\t\t\t\t\t\t\t\t\t\t\t\t\t\t\t<img fetchpriority=\"high\" decoding=\"async\" width=\"696\" height=\"800\" src=\"https:\/\/rotomixarcos.com.br\/wp-content\/uploads\/2025\/06\/Servicos-banheiros-quimicos.jpg\" class=\"attachment-full size-full wp-image-1595\" alt=\"\" srcset=\"https:\/\/rotomixarcos.com.br\/wp-content\/uploads\/2025\/06\/Servicos-banheiros-quimicos.jpg 696w, https:\/\/rotomixarcos.com.br\/wp-content\/uploads\/2025\/06\/Servicos-banheiros-quimicos-261x300.jpg 261w, https:\/\/rotomixarcos.com.br\/wp-content\/uploads\/2025\/06\/Servicos-banheiros-quimicos-21x24.jpg 21w, https:\/\/rotomixarcos.com.br\/wp-content\/uploads\/2025\/06\/Servicos-banheiros-quimicos-31x36.jpg 31w, https:\/\/rotomixarcos.com.br\/wp-content\/uploads\/2025\/06\/Servicos-banheiros-quimicos-42x48.jpg 42w\" sizes=\"(max-width: 696px) 100vw, 696px\" \/>\t\t\t\t\t\t\t\t\t\t\t\t\t\t\t<\/div>\n\t\t\t\t<\/div>\n\t\t\t\t\t<\/div>\n\t\t<\/div>\n\t\t\t\t<div class=\"elementor-column elementor-col-50 elementor-top-column elementor-element elementor-element-7147f7bf\" data-id=\"7147f7bf\" data-element_type=\"column\">\n\t\t\t<div class=\"elementor-widget-wrap elementor-element-populated\">\n\t\t\t\t\t\t<div class=\"elementor-element elementor-element-8c3808a elementor-widget elementor-widget-heading\" data-id=\"8c3808a\" data-element_type=\"widget\" data-widget_type=\"heading.default\">\n\t\t\t\t<div class=\"elementor-widget-container\">\n\t\t\t\t\t<h2 class=\"elementor-heading-title elementor-size-default\">Banheiros Qu\u00edmicos<\/h2>\t\t\t\t<\/div>\n\t\t\t\t<\/div>\n\t\t\t\t<div class=\"elementor-element elementor-element-78a6b822 elementor-widget__width-initial elementor-widget elementor-widget-text-editor\" data-id=\"78a6b822\" data-element_type=\"widget\" data-widget_type=\"text-editor.default\">\n\t\t\t\t<div class=\"elementor-widget-container\">\n\t\t\t\t\t\t\t\t\t<p data-start=\"104\" data-end=\"262\">Banheiros qu\u00edmicos ideais para obras e eventos, fabricados em polietileno de alta qualidade e em total conformidade com as normas trabalhistas vigentes.<\/p><p data-start=\"264\" data-end=\"432\">Contamos com uma equipe especializada e treinada para realizar todos os servi\u00e7os de manuten\u00e7\u00e3o, incluindo a suc\u00e7\u00e3o dos dejetos e a higieniza\u00e7\u00e3o completa das unidades.<\/p><p data-start=\"434\" data-end=\"598\">Todo o res\u00edduo gerado \u00e9 descartado de forma correta e segura em nossa pr\u00f3pria esta\u00e7\u00e3o de tratamento, garantindo responsabilidade ambiental e efici\u00eancia no processo.<\/p>\t\t\t\t\t\t\t\t<\/div>\n\t\t\t\t<\/div>\n\t\t\t\t\t<\/div>\n\t\t<\/div>\n\t\t\t\t\t<\/div>\n\t\t<\/section>\n\t\t\t\t<section class=\"elementor-section elementor-top-section elementor-element elementor-element-25e45493 elementor-section-boxed elementor-section-height-default elementor-section-height-default wpr-particle-no wpr-jarallax-no wpr-parallax-no wpr-sticky-section-no\" data-id=\"25e45493\" data-element_type=\"section\">\n\t\t\t\t\t\t<div class=\"elementor-container elementor-column-gap-wide\">\n\t\t\t\t\t<div class=\"elementor-column elementor-col-50 elementor-top-column elementor-element elementor-element-5e398348\" data-id=\"5e398348\" data-element_type=\"column\">\n\t\t\t<div class=\"elementor-widget-wrap elementor-element-populated\">\n\t\t\t\t\t\t<div class=\"elementor-element elementor-element-581258ec elementor-widget elementor-widget-heading\" data-id=\"581258ec\" data-element_type=\"widget\" data-widget_type=\"heading.default\">\n\t\t\t\t<div class=\"elementor-widget-container\">\n\t\t\t\t\t<h2 class=\"elementor-heading-title elementor-size-default\">Banheiros hidr\u00e1ulicos<\/h2>\t\t\t\t<\/div>\n\t\t\t\t<\/div>\n\t\t\t\t<div class=\"elementor-element elementor-element-433e6514 elementor-widget elementor-widget-text-editor\" data-id=\"433e6514\" data-element_type=\"widget\" data-widget_type=\"text-editor.default\">\n\t\t\t\t<div class=\"elementor-widget-container\">\n\t\t\t\t\t\t\t\t\t<p data-start=\"120\" data-end=\"307\">Esse modelo de banheiro qu\u00edmico conta com um sistema hidr\u00e1ulico completo, composto por <strong data-start=\"207\" data-end=\"304\">reservat\u00f3rio de \u00e1gua limpa, reservat\u00f3rio de dejetos, descarga funcional e lavat\u00f3rio integrado<\/strong>.<\/p><p data-start=\"309\" data-end=\"515\">Projetado para proporcionar maior conforto, higiene e praticidade, \u00e9 ideal para ambientes que exigem o cumprimento de <strong data-start=\"427\" data-end=\"467\">normas trabalhistas mais espec\u00edficas<\/strong>, como grandes obras e eventos de alto padr\u00e3o.<\/p><p data-start=\"517\" data-end=\"665\">A estrutura oferece uma experi\u00eancia sanit\u00e1ria superior, aproximando-se das condi\u00e7\u00f5es de um banheiro convencional, com seguran\u00e7a e efici\u00eancia no uso.<\/p>\t\t\t\t\t\t\t\t<\/div>\n\t\t\t\t<\/div>\n\t\t\t\t\t<\/div>\n\t\t<\/div>\n\t\t\t\t<div class=\"elementor-column elementor-col-50 elementor-top-column elementor-element elementor-element-ff98909\" data-id=\"ff98909\" data-element_type=\"column\">\n\t\t\t<div class=\"elementor-widget-wrap elementor-element-populated\">\n\t\t\t\t\t\t<div class=\"elementor-element elementor-element-2613eba8 elementor-widget elementor-widget-image\" data-id=\"2613eba8\" data-element_type=\"widget\" data-widget_type=\"image.default\">\n\t\t\t\t<div class=\"elementor-widget-container\">\n\t\t\t\t\t\t\t\t\t\t\t\t\t\t\t<img decoding=\"async\" width=\"963\" height=\"1280\" src=\"https:\/\/rotomixarcos.com.br\/wp-content\/uploads\/2025\/06\/Banheiro-hidraulico.jpeg\" class=\"attachment-full size-full wp-image-1567\" alt=\"\" srcset=\"https:\/\/rotomixarcos.com.br\/wp-content\/uploads\/2025\/06\/Banheiro-hidraulico.jpeg 963w, https:\/\/rotomixarcos.com.br\/wp-content\/uploads\/2025\/06\/Banheiro-hidraulico-226x300.jpeg 226w, https:\/\/rotomixarcos.com.br\/wp-content\/uploads\/2025\/06\/Banheiro-hidraulico-770x1024.jpeg 770w, https:\/\/rotomixarcos.com.br\/wp-content\/uploads\/2025\/06\/Banheiro-hidraulico-768x1021.jpeg 768w, https:\/\/rotomixarcos.com.br\/wp-content\/uploads\/2025\/06\/Banheiro-hidraulico-18x24.jpeg 18w, https:\/\/rotomixarcos.com.br\/wp-content\/uploads\/2025\/06\/Banheiro-hidraulico-27x36.jpeg 27w, https:\/\/rotomixarcos.com.br\/wp-content\/uploads\/2025\/06\/Banheiro-hidraulico-36x48.jpeg 36w\" sizes=\"(max-width: 963px) 100vw, 963px\" \/>\t\t\t\t\t\t\t\t\t\t\t\t\t\t\t<\/div>\n\t\t\t\t<\/div>\n\t\t\t\t\t<\/div>\n\t\t<\/div>\n\t\t\t\t\t<\/div>\n\t\t<\/section>\n\t\t\t\t<section class=\"elementor-section elementor-top-section elementor-element elementor-element-307b8fb8 elementor-section-boxed elementor-section-height-default elementor-section-height-default wpr-particle-no wpr-jarallax-no wpr-parallax-no wpr-sticky-section-no\" data-id=\"307b8fb8\" data-element_type=\"section\" id=\"conteiner\">\n\t\t\t\t\t\t<div class=\"elementor-container elementor-column-gap-wide\">\n\t\t\t\t\t<div class=\"elementor-column elementor-col-50 elementor-top-column elementor-element elementor-element-72e6ff52\" data-id=\"72e6ff52\" data-element_type=\"column\">\n\t\t\t<div class=\"elementor-widget-wrap elementor-element-populated\">\n\t\t\t\t\t\t<div class=\"elementor-element elementor-element-12aca368 elementor-widget elementor-widget-image\" data-id=\"12aca368\" data-element_type=\"widget\" data-widget_type=\"image.default\">\n\t\t\t\t<div class=\"elementor-widget-container\">\n\t\t\t\t\t\t\t\t\t\t\t\t\t\t\t<img decoding=\"async\" width=\"825\" height=\"462\" src=\"https:\/\/rotomixarcos.com.br\/wp-content\/uploads\/2025\/06\/Container-escritorio.jpg\" class=\"attachment-2048x2048 size-2048x2048 wp-image-1575\" alt=\"\" srcset=\"https:\/\/rotomixarcos.com.br\/wp-content\/uploads\/2025\/06\/Container-escritorio.jpg 825w, https:\/\/rotomixarcos.com.br\/wp-content\/uploads\/2025\/06\/Container-escritorio-300x168.jpg 300w, https:\/\/rotomixarcos.com.br\/wp-content\/uploads\/2025\/06\/Container-escritorio-768x430.jpg 768w, https:\/\/rotomixarcos.com.br\/wp-content\/uploads\/2025\/06\/Container-escritorio-24x13.jpg 24w, https:\/\/rotomixarcos.com.br\/wp-content\/uploads\/2025\/06\/Container-escritorio-36x20.jpg 36w, https:\/\/rotomixarcos.com.br\/wp-content\/uploads\/2025\/06\/Container-escritorio-48x27.jpg 48w\" sizes=\"(max-width: 825px) 100vw, 825px\" \/>\t\t\t\t\t\t\t\t\t\t\t\t\t\t\t<\/div>\n\t\t\t\t<\/div>\n\t\t\t\t\t<\/div>\n\t\t<\/div>\n\t\t\t\t<div class=\"elementor-column elementor-col-50 elementor-top-column elementor-element elementor-element-3600cdca\" data-id=\"3600cdca\" data-element_type=\"column\">\n\t\t\t<div class=\"elementor-widget-wrap elementor-element-populated\">\n\t\t\t\t\t\t<div class=\"elementor-element elementor-element-5b572237 elementor-widget elementor-widget-heading\" data-id=\"5b572237\" data-element_type=\"widget\" data-widget_type=\"heading.default\">\n\t\t\t\t<div class=\"elementor-widget-container\">\n\t\t\t\t\t<h2 class=\"elementor-heading-title elementor-size-default\">Cont\u00eainer escrit\u00f3rio<\/h2>\t\t\t\t<\/div>\n\t\t\t\t<\/div>\n\t\t\t\t<div class=\"elementor-element elementor-element-28a2bbf2 elementor-widget elementor-widget-text-editor\" data-id=\"28a2bbf2\" data-element_type=\"widget\" data-widget_type=\"text-editor.default\">\n\t\t\t\t<div class=\"elementor-widget-container\">\n\t\t\t\t\t\t\t\t\t<p data-start=\"85\" data-end=\"251\">O cont\u00eainer escrit\u00f3rio \u00e9 uma <strong>alternativa funcional e confort\u00e1vel<\/strong> para quem precisa de um ambiente administrativo dentro do canteiro de obras ou em locais tempor\u00e1rios.<\/p><p data-start=\"253\" data-end=\"444\">Projetado com isolamento t\u00e9rmico, el\u00e9trico e acabamento interno adequado, proporciona um espa\u00e7o seguro, organizado e ideal para reuni\u00f5es, controle de documentos e planejamento das atividades.<\/p><p data-start=\"446\" data-end=\"602\" data-is-last-node=\"\" data-is-only-node=\"\">Sua <strong>estrutura vers\u00e1til garante mobilidade<\/strong>, praticidade e agilidade na montagem, atendendo com efici\u00eancia \u00e0s necessidades da gest\u00e3o de obra e equipe t\u00e9cnica.<\/p>\t\t\t\t\t\t\t\t<\/div>\n\t\t\t\t<\/div>\n\t\t\t\t\t<\/div>\n\t\t<\/div>\n\t\t\t\t\t<\/div>\n\t\t<\/section>\n\t\t\t\t<section class=\"elementor-section elementor-top-section elementor-element elementor-element-19685a5 elementor-section-boxed elementor-section-height-default elementor-section-height-default wpr-particle-no wpr-jarallax-no wpr-parallax-no wpr-sticky-section-no\" data-id=\"19685a5\" data-element_type=\"section\">\n\t\t\t\t\t\t<div class=\"elementor-container elementor-column-gap-wide\">\n\t\t\t\t\t<div class=\"elementor-column elementor-col-50 elementor-top-column elementor-element elementor-element-93051cd\" data-id=\"93051cd\" data-element_type=\"column\">\n\t\t\t<div class=\"elementor-widget-wrap elementor-element-populated\">\n\t\t\t\t\t\t<div class=\"elementor-element elementor-element-2b01e54 elementor-widget elementor-widget-heading\" data-id=\"2b01e54\" data-element_type=\"widget\" data-widget_type=\"heading.default\">\n\t\t\t\t<div class=\"elementor-widget-container\">\n\t\t\t\t\t<h2 class=\"elementor-heading-title elementor-size-default\">Cont\u00eainer almoxarifado<\/h2>\t\t\t\t<\/div>\n\t\t\t\t<\/div>\n\t\t\t\t<div class=\"elementor-element elementor-element-7e5aeb8 elementor-widget elementor-widget-text-editor\" data-id=\"7e5aeb8\" data-element_type=\"widget\" data-widget_type=\"text-editor.default\">\n\t\t\t\t<div class=\"elementor-widget-container\">\n\t\t\t\t\t\t\t\t\t<p data-start=\"108\" data-end=\"271\">O cont\u00eainer para almoxarifado \u00e9 uma <strong>solu\u00e7\u00e3o pr\u00e1tica e robusta<\/strong> para o armazenamento seguro de materiais, ferramentas e equipamentos em obras e projetos tempor\u00e1rios.<\/p><p data-start=\"273\" data-end=\"429\">Projetado com estrutura met\u00e1lica refor\u00e7ada, garante prote\u00e7\u00e3o contra intemp\u00e9ries, furtos e desgaste, oferecendo organiza\u00e7\u00e3o e seguran\u00e7a no canteiro de obras.<\/p><p data-start=\"431\" data-end=\"578\" data-is-last-node=\"\" data-is-only-node=\"\">\u00c9 ideal para atender \u00e0s exig\u00eancias de log\u00edstica e controle de materiais, <strong>otimizando espa\u00e7o e promovendo mais efici\u00eancia no dia a dia da sua equipe<\/strong>.<\/p>\t\t\t\t\t\t\t\t<\/div>\n\t\t\t\t<\/div>\n\t\t\t\t\t<\/div>\n\t\t<\/div>\n\t\t\t\t<div class=\"elementor-column elementor-col-50 elementor-top-column elementor-element elementor-element-87ef618\" data-id=\"87ef618\" data-element_type=\"column\">\n\t\t\t<div class=\"elementor-widget-wrap elementor-element-populated\">\n\t\t\t\t\t\t<div class=\"elementor-element elementor-element-58120ae elementor-widget elementor-widget-image\" data-id=\"58120ae\" data-element_type=\"widget\" data-widget_type=\"image.default\">\n\t\t\t\t<div class=\"elementor-widget-container\">\n\t\t\t\t\t\t\t\t\t\t\t\t\t\t\t<img loading=\"lazy\" decoding=\"async\" width=\"1024\" height=\"1024\" src=\"https:\/\/rotomixarcos.com.br\/wp-content\/uploads\/2025\/06\/Conteiner-Almoxarifado.png\" class=\"attachment-full size-full wp-image-1580\" alt=\"\" srcset=\"https:\/\/rotomixarcos.com.br\/wp-content\/uploads\/2025\/06\/Conteiner-Almoxarifado.png 1024w, https:\/\/rotomixarcos.com.br\/wp-content\/uploads\/2025\/06\/Conteiner-Almoxarifado-300x300.png 300w, https:\/\/rotomixarcos.com.br\/wp-content\/uploads\/2025\/06\/Conteiner-Almoxarifado-150x150.png 150w, https:\/\/rotomixarcos.com.br\/wp-content\/uploads\/2025\/06\/Conteiner-Almoxarifado-768x768.png 768w, https:\/\/rotomixarcos.com.br\/wp-content\/uploads\/2025\/06\/Conteiner-Almoxarifado-24x24.png 24w, https:\/\/rotomixarcos.com.br\/wp-content\/uploads\/2025\/06\/Conteiner-Almoxarifado-36x36.png 36w, https:\/\/rotomixarcos.com.br\/wp-content\/uploads\/2025\/06\/Conteiner-Almoxarifado-48x48.png 48w\" sizes=\"(max-width: 1024px) 100vw, 1024px\" \/>\t\t\t\t\t\t\t\t\t\t\t\t\t\t\t<\/div>\n\t\t\t\t<\/div>\n\t\t\t\t\t<\/div>\n\t\t<\/div>\n\t\t\t\t\t<\/div>\n\t\t<\/section>\n\t\t\t\t<section class=\"elementor-section elementor-top-section elementor-element elementor-element-61c5271a elementor-section-content-middle elementor-section-boxed elementor-section-height-default elementor-section-height-default wpr-particle-no wpr-jarallax-no wpr-parallax-no wpr-sticky-section-no\" data-id=\"61c5271a\" data-element_type=\"section\" data-settings=\"{&quot;background_background&quot;:&quot;classic&quot;}\">\n\t\t\t\t\t\t<div class=\"elementor-container elementor-column-gap-no\">\n\t\t\t\t\t<div class=\"elementor-column elementor-col-100 elementor-top-column elementor-element elementor-element-77ed7285\" data-id=\"77ed7285\" data-element_type=\"column\">\n\t\t\t<div class=\"elementor-widget-wrap elementor-element-populated\">\n\t\t\t\t\t\t<div class=\"elementor-element elementor-element-1206a909 elementor-widget elementor-widget-heading\" data-id=\"1206a909\" data-element_type=\"widget\" data-widget_type=\"heading.default\">\n\t\t\t\t<div class=\"elementor-widget-container\">\n\t\t\t\t\t<h4 class=\"elementor-heading-title elementor-size-default\">Infraestrutura para obras e eventos<\/h4>\t\t\t\t<\/div>\n\t\t\t\t<\/div>\n\t\t\t\t<div class=\"elementor-element elementor-element-25a2809f elementor-widget elementor-widget-text-editor\" data-id=\"25a2809f\" data-element_type=\"widget\" data-widget_type=\"text-editor.default\">\n\t\t\t\t<div class=\"elementor-widget-container\">\n\t\t\t\t\t\t\t\t\t<p>Seja para organizar o canteiro, garantir higiene ou montar um ambiente administrativo, temos os equipamentos ideais para facilitar o seu dia a dia no campo.\u00a0Entre em contato com a nossa equipe e solicite um or\u00e7amento agora mesmo pelo <strong>whatsApp<\/strong>!<\/p>\t\t\t\t\t\t\t\t<\/div>\n\t\t\t\t<\/div>\n\t\t\t\t<div class=\"elementor-element elementor-element-14f2db58 elementor-align-center elementor-widget elementor-widget-button\" data-id=\"14f2db58\" data-element_type=\"widget\" data-widget_type=\"button.default\">\n\t\t\t\t<div class=\"elementor-widget-container\">\n\t\t\t\t\t\t\t\t\t<div class=\"elementor-button-wrapper\">\n\t\t\t\t\t<a class=\"elementor-button elementor-button-link elementor-size-sm elementor-animation-grow\" href=\"https:\/\/wa.me\/553733517172\">\n\t\t\t\t\t\t<span class=\"elementor-button-content-wrapper\">\n\t\t\t\t\t\t<span class=\"elementor-button-icon\">\n\t\t\t\t<i aria-hidden=\"true\" class=\"fab fa-whatsapp\"><\/i>\t\t\t<\/span>\n\t\t\t\t\t\t\t\t\t<span class=\"elementor-button-text\">clique aqui<\/span>\n\t\t\t\t\t<\/span>\n\t\t\t\t\t<\/a>\n\t\t\t\t<\/div>\n\t\t\t\t\t\t\t\t<\/div>\n\t\t\t\t<\/div>\n\t\t\t\t\t<\/div>\n\t\t<\/div>\n\t\t\t\t\t<\/div>\n\t\t<\/section>\n\t\t\t\t<\/div>\n\t\t","protected":false},"excerpt":{"rendered":"<p>Loca\u00e7\u00f5es Banheiros qu\u00edmicos e hidr\u00e1ulicos, cont\u00eainer para almoxarifados e escrit\u00f3rios Banheiros Qu\u00edmicos Banheiros qu\u00edmicos ideais para obras e eventos, fabricados em polietileno de alta qualidade e em total conformidade com as normas trabalhistas vigentes. Contamos com uma equipe especializada e treinada para realizar todos os servi\u00e7os de manuten\u00e7\u00e3o, incluindo a suc\u00e7\u00e3o dos dejetos e a higieniza\u00e7\u00e3o completa das unidades. Todo o res\u00edduo gerado \u00e9 descartado de forma correta e segura em nossa pr\u00f3pria esta\u00e7\u00e3o de tratamento, garantindo responsabilidade ambiental e efici\u00eancia no processo. Banheiros hidr\u00e1ulicos Esse modelo de banheiro qu\u00edmico conta com um sistema hidr\u00e1ulico completo, composto por reservat\u00f3rio de \u00e1gua limpa, reservat\u00f3rio de dejetos, descarga funcional e lavat\u00f3rio integrado. Projetado para proporcionar maior conforto, higiene e praticidade, \u00e9 ideal para ambientes que exigem o cumprimento de normas trabalhistas mais espec\u00edficas, como grandes obras e eventos de alto padr\u00e3o. A estrutura oferece uma experi\u00eancia sanit\u00e1ria superior, aproximando-se das condi\u00e7\u00f5es de um banheiro convencional, com seguran\u00e7a e efici\u00eancia no uso. Cont\u00eainer escrit\u00f3rio O cont\u00eainer escrit\u00f3rio \u00e9 uma alternativa funcional e confort\u00e1vel para quem precisa de um ambiente administrativo dentro do canteiro de obras ou em locais tempor\u00e1rios. Projetado com isolamento t\u00e9rmico, el\u00e9trico e acabamento interno adequado, proporciona um espa\u00e7o seguro, organizado e ideal para reuni\u00f5es, controle de documentos e planejamento das atividades. Sua estrutura vers\u00e1til garante mobilidade, praticidade e agilidade na montagem, atendendo com efici\u00eancia \u00e0s necessidades da gest\u00e3o de obra e equipe t\u00e9cnica. Cont\u00eainer almoxarifado O cont\u00eainer para almoxarifado \u00e9 uma solu\u00e7\u00e3o pr\u00e1tica e robusta para o armazenamento seguro de materiais, ferramentas e equipamentos em obras e projetos tempor\u00e1rios. Projetado com estrutura met\u00e1lica refor\u00e7ada, garante prote\u00e7\u00e3o contra intemp\u00e9ries, furtos e desgaste, oferecendo organiza\u00e7\u00e3o e seguran\u00e7a no canteiro de obras. \u00c9 ideal para atender \u00e0s exig\u00eancias de log\u00edstica e controle de materiais, otimizando espa\u00e7o e promovendo mais efici\u00eancia no dia a dia da sua equipe. Infraestrutura para obras e eventos Seja para organizar o canteiro, garantir higiene ou montar um ambiente administrativo, temos os equipamentos ideais para facilitar o seu dia a dia no campo.\u00a0Entre em contato com a nossa equipe e solicite um or\u00e7amento agora mesmo pelo whatsApp! clique aqui<\/p>\n","protected":false},"author":1,"featured_media":0,"parent":0,"menu_order":0,"comment_status":"closed","ping_status":"closed","template":"","meta":{"site-sidebar-layout":"no-sidebar","site-content-layout":"page-builder","ast-site-content-layout":"full-width-container","site-content-style":"default","site-sidebar-style":"default","ast-global-header-display":"","ast-banner-title-visibility":"","ast-main-header-display":"","ast-hfb-above-header-display":"","ast-hfb-below-header-display":"","ast-hfb-mobile-header-display":"","site-post-title":"disabled","ast-breadcrumbs-content":"","ast-featured-img":"disabled","footer-sml-layout":"","theme-transparent-header-meta":"","adv-header-id-meta":"","stick-header-meta":"","header-above-stick-meta":"","header-main-stick-meta":"","header-below-stick-meta":"","astra-migrate-meta-layouts":"set","ast-page-background-enabled":"default","ast-page-background-meta":{"desktop":{"background-color":"var(--ast-global-color-4)","background-image":"","background-repeat":"repeat","background-position":"center center","background-size":"auto","background-attachment":"scroll","background-type":"","background-media":"","overlay-type":"","overlay-color":"","overlay-opacity":"","overlay-gradient":""},"tablet":{"background-color":"","background-image":"","background-repeat":"repeat","background-position":"center center","background-size":"auto","background-attachment":"scroll","background-type":"","background-media":"","overlay-type":"","overlay-color":"","overlay-opacity":"","overlay-gradient":""},"mobile":{"background-color":"","background-image":"","background-repeat":"repeat","background-position":"center center","background-size":"auto","background-attachment":"scroll","background-type":"","background-media":"","overlay-type":"","overlay-color":"","overlay-opacity":"","overlay-gradient":""}},"ast-content-background-meta":{"desktop":{"background-color":"var(--ast-global-color-5)","background-image":"","background-repeat":"repeat","background-position":"center center","background-size":"auto","background-attachment":"scroll","background-type":"","background-media":"","overlay-type":"","overlay-color":"","overlay-opacity":"","overlay-gradient":""},"tablet":{"background-color":"var(--ast-global-color-5)","background-image":"","background-repeat":"repeat","background-position":"center center","background-size":"auto","background-attachment":"scroll","background-type":"","background-media":"","overlay-type":"","overlay-color":"","overlay-opacity":"","overlay-gradient":""},"mobile":{"background-color":"var(--ast-global-color-5)","background-image":"","background-repeat":"repeat","background-position":"center center","background-size":"auto","background-attachment":"scroll","background-type":"","background-media":"","overlay-type":"","overlay-color":"","overlay-opacity":"","overlay-gradient":""}},"_joinchat":[],"footnotes":""},"class_list":["post-1560","page","type-page","status-publish","hentry"],"_links":{"self":[{"href":"https:\/\/rotomixarcos.com.br\/index.php\/wp-json\/wp\/v2\/pages\/1560","targetHints":{"allow":["GET"]}}],"collection":[{"href":"https:\/\/rotomixarcos.com.br\/index.php\/wp-json\/wp\/v2\/pages"}],"about":[{"href":"https:\/\/rotomixarcos.com.br\/index.php\/wp-json\/wp\/v2\/types\/page"}],"author":[{"embeddable":true,"href":"https:\/\/rotomixarcos.com.br\/index.php\/wp-json\/wp\/v2\/users\/1"}],"replies":[{"embeddable":true,"href":"https:\/\/rotomixarcos.com.br\/index.php\/wp-json\/wp\/v2\/comments?post=1560"}],"version-history":[{"count":59,"href":"https:\/\/rotomixarcos.com.br\/index.php\/wp-json\/wp\/v2\/pages\/1560\/revisions"}],"predecessor-version":[{"id":2007,"href":"https:\/\/rotomixarcos.com.br\/index.php\/wp-json\/wp\/v2\/pages\/1560\/revisions\/2007"}],"wp:attachment":[{"href":"https:\/\/rotomixarcos.com.br\/index.php\/wp-json\/wp\/v2\/media?parent=1560"}],"curies":[{"name":"wp","href":"https:\/\/api.w.org\/{rel}","templated":true}]}}